{"id":61,"date":"2020-01-23T18:21:52","date_gmt":"2020-01-23T18:21:52","guid":{"rendered":"https:\/\/demosites.io\/web-agency-gb\/?page_id=61"},"modified":"2023-07-06T00:09:19","modified_gmt":"2023-07-06T00:09:19","slug":"sobre","status":"publish","type":"page","link":"https:\/\/www.drektoronishi.com.br\/index.php\/sobre\/","title":{"rendered":"Sobre o Dr. Ektor"},"content":{"rendered":"\n<div class=\"wp-block-cover alignfull\" style=\"min-height:300px;aspect-ratio:unset;\"><span aria-hidden=\"true\" class=\"wp-block-cover__background has-nv-site-bg-background-color has-background-dim-100 has-background-dim\"><\/span><div class=\"wp-block-cover__inner-container is-layout-flow wp-block-cover-is-layout-flow\">\n<h1 class=\"wp-block-heading has-text-align-left has-neve-text-color-color has-text-color\">Sobre o Dr. Ektor<\/h1>\n\n\n\n<div class=\"wp-block-group\"><div class=\"wp-block-group__inner-container is-layout-constrained wp-block-group-is-layout-constrained\"><\/div><\/div>\n<\/div><\/div>\n\n\n\n<div class=\"wp-block-cover alignfull\" style=\"min-height:600px;aspect-ratio:unset;\"><span aria-hidden=\"true\" class=\"wp-block-cover__background has-nv-light-bg-background-color has-background-dim-100 has-background-dim\"><\/span><div class=\"wp-block-cover__inner-container is-layout-flow wp-block-cover-is-layout-flow\">\n<div class=\"wp-block-group\"><div class=\"wp-block-group__inner-container is-layout-flow wp-block-group-is-layout-flow\">\n<div style=\"height:80px\" aria-hidden=\"true\" class=\"wp-block-spacer\"><\/div>\n\n\n\n<div class=\"wp-block-columns are-vertically-aligned-center has-neve-text-color-color has-text-color is-layout-flex wp-container-core-columns-is-layout-9d6595d7 wp-block-columns-is-layout-flex\">\n<div class=\"wp-block-column is-vertically-aligned-center is-layout-flow wp-block-column-is-layout-flow\" style=\"flex-basis:50%\">\n<figure class=\"wp-block-image size-large\"><img loading=\"lazy\" decoding=\"async\" width=\"600\" height=\"600\" src=\"http:\/\/drektoronishi.com.br\/wp-content\/uploads\/2020\/01\/neve-web-design-bg-09.jpg\" alt=\"\" class=\"wp-image-36\" srcset=\"https:\/\/www.drektoronishi.com.br\/wp-content\/uploads\/2020\/01\/neve-web-design-bg-09.jpg 600w, https:\/\/www.drektoronishi.com.br\/wp-content\/uploads\/2020\/01\/neve-web-design-bg-09-300x300.jpg 300w, https:\/\/www.drektoronishi.com.br\/wp-content\/uploads\/2020\/01\/neve-web-design-bg-09-150x150.jpg 150w\" sizes=\"auto, (max-width: 600px) 100vw, 600px\" \/><\/figure>\n<\/div>\n\n\n\n<div class=\"wp-block-column is-vertically-aligned-center is-layout-flow wp-block-column-is-layout-flow\" style=\"flex-basis:50%\">\n<h3 class=\"wp-block-heading has-neve-text-color-color has-text-color\">Forma\u00e7\u00e3o Acad\u00eamica<\/h3>\n\n\n\n<ul class=\"wp-block-list\">\n<li>M\u00e9dico pela Escola Paulista de Medicina &#8211; Universidade Federal de S\u00e3o Paulo (EPM-UNIFESP), 1988-1993<\/li>\n\n\n\n<li>Resid\u00eancia M\u00e9dica em Otorrinolaringologia pela EPM-UNIFESP, 1993-1997<\/li>\n\n\n\n<li>Especializa\u00e7\u00e3o em Acupuntura pela Associa\u00e7\u00e3o M\u00e9dica Brasileira de Acupuntura (AMBA), 2003-2005<\/li>\n\n\n\n<li>Mestrado em Otorrinolaringologia e Cirurgia de Cabe\u00e7a e Pesco\u00e7o pela EPM-UNIFESP, 1997-1999<\/li>\n\n\n\n<li>Doutorado em Ci\u00eancias pela EPM-UNIFESP, 1999-2003<\/li>\n<\/ul>\n\n\n\n<h3 class=\"wp-block-heading\">Forma\u00e7\u00e3o Complementar<\/h3>\n\n\n\n<ul class=\"wp-block-list\">\n<li>Yamamoto New Scalp Acupuncture Seminar (Miyazaki, Jap\u00e3o)<\/li>\n\n\n\n<li>Dor Miofascial (Myomed Brasil)<\/li>\n\n\n\n<li>Fitoterapia Tradicional Chinesa (Centro de Estudos de Fitoterapia e Medicina Tradicional Chinesa e CENTER AO)<\/li>\n<\/ul>\n<\/div>\n<\/div>\n\n\n\n<div style=\"height:40px\" aria-hidden=\"true\" class=\"wp-block-spacer\"><\/div>\n<\/div><\/div>\n<\/div><\/div>\n\n\n\n<div class=\"wp-block-cover alignfull\" style=\"min-height:600px;aspect-ratio:unset;\"><span aria-hidden=\"true\" class=\"wp-block-cover__background has-nv-dark-bg-background-color has-background-dim-100 has-background-dim\"><\/span><div class=\"wp-block-cover__inner-container is-layout-flow wp-block-cover-is-layout-flow\">\n<div class=\"wp-block-group\"><div class=\"wp-block-group__inner-container is-layout-flow wp-block-group-is-layout-flow\">\n<div style=\"height:80px\" aria-hidden=\"true\" class=\"wp-block-spacer\"><\/div>\n\n\n\n<div class=\"wp-block-columns are-vertically-aligned-center is-layout-flex wp-container-core-columns-is-layout-9d6595d7 wp-block-columns-is-layout-flex\">\n<div class=\"wp-block-column is-vertically-aligned-center is-layout-flow wp-block-column-is-layout-flow\" style=\"flex-basis:50%\">\n<h3 class=\"wp-block-heading has-nv-text-dark-bg-color has-text-color\">T\u00edtulos<\/h3>\n\n\n\n<ul class=\"wp-block-list\">\n<li>T\u00edtulo de Especialista em Otorrinolaringologia pela Sociedade Brasileira de Otorrinolaringologia e Associa\u00e7\u00e3o M\u00e9dica Brasileira (AMB), 1996<\/li>\n\n\n\n<li>T\u00edtulo de Especialista em Acupuntura pelo Col\u00e9gio M\u00e9dico Brasileiro de Acupuntura e Associa\u00e7\u00e3o M\u00e9dica Brasileira (AMB), 2013<\/li>\n\n\n\n<li>Professor Afiliado pela Disciplina de Otologia e Otoneurologia da EPM-UNIFESP, 2012-2015; 2017-2020<\/li>\n\n\n\n<li>Chefe da Disciplina de Otologia e Otoneurologia da EPM-UNIFESP, 2017-2020<\/li>\n<\/ul>\n\n\n\n<h3 class=\"wp-block-heading\">Atividades de Pesquisa<\/h3>\n\n\n\n<ul class=\"wp-block-list\">\n<li>Orientador do Curso de Especializa\u00e7\u00e3o em Otologia (Fellow) da Disciplina de Otologia e Otoneurologia da EPM-UNIFESP<\/li>\n\n\n\n<li>Orientador (Mestrado e Doutorado) do Programa de P\u00f3s-Gradua\u00e7\u00e3o em Otorrinolaringologia do Departamento de Otorrinolaringologia e Cirurgia de Cabe\u00e7a e Pesco\u00e7o da EPM-UNIFESP desde 2016<\/li>\n\n\n\n<li>L\u00edder do Grupo de Pesquisa em Zumbido e Intoler\u00e2ncia a Sons Prof. Yotaka Fukuda, cadastrado junto ao CNPq<\/li>\n<\/ul>\n\n\n\n<div style=\"height:21px\" aria-hidden=\"true\" class=\"wp-block-spacer\"><\/div>\n<\/div>\n\n\n\n<div class=\"wp-block-column is-vertically-aligned-center is-layout-flow wp-block-column-is-layout-flow\" style=\"flex-basis:50%\">\n<figure class=\"wp-block-image size-large\"><img loading=\"lazy\" decoding=\"async\" width=\"600\" height=\"600\" src=\"http:\/\/drektoronishi.com.br\/wp-content\/uploads\/2020\/01\/neve-web-design-bg-12.jpg\" alt=\"\" class=\"wp-image-39\" srcset=\"https:\/\/www.drektoronishi.com.br\/wp-content\/uploads\/2020\/01\/neve-web-design-bg-12.jpg 600w, https:\/\/www.drektoronishi.com.br\/wp-content\/uploads\/2020\/01\/neve-web-design-bg-12-300x300.jpg 300w, https:\/\/www.drektoronishi.com.br\/wp-content\/uploads\/2020\/01\/neve-web-design-bg-12-150x150.jpg 150w\" sizes=\"auto, (max-width: 600px) 100vw, 600px\" \/><\/figure>\n<\/div>\n<\/div>\n\n\n\n<div style=\"height:40px\" aria-hidden=\"true\" class=\"wp-block-spacer\"><\/div>\n<\/div><\/div>\n<\/div><\/div>\n","protected":false},"excerpt":{"rendered":"","protected":false},"author":1,"featured_media":0,"parent":0,"menu_order":0,"comment_status":"closed","ping_status":"closed","template":"","meta":{"neve_meta_sidebar":"default","neve_meta_container":"default","neve_meta_enable_content_width":"on","neve_meta_content_width":100,"neve_meta_title_alignment":"","neve_meta_author_avatar":"","neve_post_elements_order":"","neve_meta_disable_header":"","neve_meta_disable_footer":"","neve_meta_disable_title":"on","_themeisle_gutenberg_block_has_review":false,"_ti_tpc_template_sync":false,"_ti_tpc_template_id":"eex7gnweb2m8vo93cr1g","footnotes":""},"class_list":["post-61","page","type-page","status-publish","hentry"],"_links":{"self":[{"href":"https:\/\/www.drektoronishi.com.br\/index.php\/wp-json\/wp\/v2\/pages\/61","targetHints":{"allow":["GET"]}}],"collection":[{"href":"https:\/\/www.drektoronishi.com.br\/index.php\/wp-json\/wp\/v2\/pages"}],"about":[{"href":"https:\/\/www.drektoronishi.com.br\/index.php\/wp-json\/wp\/v2\/types\/page"}],"author":[{"embeddable":true,"href":"https:\/\/www.drektoronishi.com.br\/index.php\/wp-json\/wp\/v2\/users\/1"}],"replies":[{"embeddable":true,"href":"https:\/\/www.drektoronishi.com.br\/index.php\/wp-json\/wp\/v2\/comments?post=61"}],"version-history":[{"count":4,"href":"https:\/\/www.drektoronishi.com.br\/index.php\/wp-json\/wp\/v2\/pages\/61\/revisions"}],"predecessor-version":[{"id":455,"href":"https:\/\/www.drektoronishi.com.br\/index.php\/wp-json\/wp\/v2\/pages\/61\/revisions\/455"}],"wp:attachment":[{"href":"https:\/\/www.drektoronishi.com.br\/index.php\/wp-json\/wp\/v2\/media?parent=61"}],"curies":[{"name":"wp","href":"https:\/\/api.w.org\/{rel}","templated":true}]}}